{"id":2052,"date":"2020-04-21T12:38:17","date_gmt":"2020-04-21T10:38:17","guid":{"rendered":"http:\/\/www.metalchemsa.com.pl\/sewage-pumps-msk2-90\/"},"modified":"2023-01-20T08:20:16","modified_gmt":"2023-01-20T07:20:16","slug":"sewage-pumps-msk2-90","status":"publish","type":"page","link":"https:\/\/www.metalchemsa.com.pl\/en\/sewage-pumps-msk2-90\/","title":{"rendered":"Sewage pumps MSK2-90"},"content":{"rendered":"\r\n<div class=\"icon_boxes_con style1 clearfix wp-block-kyma-service columns-4\">\r\n<div class=\"col-md-3\">\r\n<div class=\"service_box\">\r\n<div class=\"icon kblk-icon-box-icon kblk-icon-box-icon-align-top\">\u00a0<\/div>\r\n<div class=\"service_box_con centered\">\r\n<h3 class=\"wp-block-kyma-service-block__title\">MSV-15<\/h3>\r\n<span class=\"desc\">Dirty water, mechanically treated gray sewage<\/span><a class=\"ser-box-link\" href=\"http:\/\/www.metalchemsa.com.pl\/en\/dirty-water-pumps-msv-15\/\">Read More<\/a><\/div>\r\n<\/div>\r\n<\/div>\r\n<div class=\"col-md-3\">\r\n<div class=\"service_box\">\r\n<div class=\"icon kblk-icon-box-icon kblk-icon-box-icon-align-top\">\u00a0<\/div>\r\n<div class=\"service_box_con centered\">\r\n<h3 class=\"wp-block-kyma-service-block__title\">MSV-50<\/h3>\r\n<span class=\"desc\">Raw municipal and industrial wastewater<\/span><a class=\"ser-box-link\" href=\"http:\/\/www.metalchemsa.com.pl\/en\/sewage-pumps-msv-50\/\">Read More<\/a><\/div>\r\n<\/div>\r\n<\/div>\r\n<div class=\"col-md-3\">\r\n<div class=\"service_box\">\r\n<div class=\"icon kblk-icon-box-icon kblk-icon-box-icon-align-top\">\u00a0<\/div>\r\n<div class=\"service_box_con centered\">\r\n<h3 class=\"wp-block-kyma-service-block__title\">MSV-80-2<\/h3>\r\n<span class=\"desc\">Raw municipal and industrial wastewater<\/span><a class=\"ser-box-link\" href=\"http:\/\/www.metalchemsa.com.pl\/en\/sewage-pumps-msv-80-2\/\">Read More<\/a><\/div>\r\n<\/div>\r\n<\/div>\r\n<div class=\"col-md-3\">\r\n<div class=\"service_box\">\r\n<div class=\"icon kblk-icon-box-icon kblk-icon-box-icon-align-top\">\u00a0<\/div>\r\n<div class=\"service_box_con centered\">\r\n<h3 class=\"wp-block-kyma-service-block__title\">MSV-80-4<\/h3>\r\n<span class=\"desc\">Raw municipal and industrial wastewater<\/span><a class=\"ser-box-link\" href=\"http:\/\/www.metalchemsa.com.pl\/en\/sewage-pumps-msv-80-4\/\">Read More<\/a><\/div>\r\n<\/div>\r\n<\/div>\r\n<div class=\"col-md-3\">\r\n<div class=\"service_box\">\r\n<div class=\"icon kblk-icon-box-icon kblk-icon-box-icon-align-top\">\u00a0<\/div>\r\n<div class=\"service_box_con centered\">\r\n<h3 class=\"wp-block-kyma-service-block__title\">MSK1-80<\/h3>\r\n<span class=\"desc\">Raw municipal and industrial wastewater<\/span><a class=\"ser-box-link\" href=\"http:\/\/www.metalchemsa.com.pl\/en\/sewage-pumps-msk1-80\/\">Read More<\/a><\/div>\r\n<\/div>\r\n<\/div>\r\n<div class=\"col-md-3\">\r\n<div class=\"service_box\">\r\n<div class=\"icon kblk-icon-box-icon kblk-icon-box-icon-align-top\">\u00a0<\/div>\r\n<div class=\"service_box_con centered\">\r\n<h3 class=\"wp-block-kyma-service-block__title\">MSK1-100<\/h3>\r\n<span class=\"desc\">Raw municipal and industrial wastewater<\/span><a class=\"ser-box-link\" href=\"http:\/\/www.metalchemsa.com.pl\/en\/sewage-pumps-msk1-100\/\">Read More<\/a><\/div>\r\n<\/div>\r\n<\/div>\r\n<div class=\"col-md-3\">\r\n<div class=\"service_box\">\r\n<div class=\"icon kblk-icon-box-icon kblk-icon-box-icon-align-top\">\u00a0<\/div>\r\n<div class=\"service_box_con centered\">\r\n<h3 class=\"wp-block-kyma-service-block__title\">MSK2-90<\/h3>\r\n<span class=\"desc\">Water and wastewater mechanically treated<\/span><a class=\"ser-box-link\" href=\"http:\/\/www.metalchemsa.com.pl\/en\/sewage-pumps-msk2-90\/\">Read More<\/a><\/div>\r\n<\/div>\r\n<\/div>\r\n<div class=\"col-md-3\">\r\n<div class=\"service_box\">\r\n<div class=\"icon kblk-icon-box-icon kblk-icon-box-icon-align-top\">\u00a0<\/div>\r\n<div class=\"service_box_con centered\">\r\n<h3 class=\"wp-block-kyma-service-block__title\">MSV-R<\/h3>\r\n<span class=\"desc\">Household and industrial sewage<\/span><a class=\"ser-box-link\" href=\"http:\/\/www.metalchemsa.com.pl\/en\/sewage-pumps-msv-r\/\">Read More<\/a><\/div>\r\n<\/div>\r\n<\/div>\r\n<\/div>\r\n\r\n\r\n\r\n<h2>General characteristics of the MSK2-90 sewage pump<\/h2>\r\n\r\n\r\n\r\n<p>MSK2-90 sewage pumps are intended for pumping sanitary and industrial sewage as well as drainage and rainwater. They are used in sewage systems, sewage treatment plants and pumping stations as well as all types of drainage systems. MSK2-90 are also excellent pumps for recirculation of sludge and process water in sewage treatment plants. Free passage through the impeller channel of solids up to 90mm in size ensures trouble-free operation with pipelines with cross sections Dn200, Dn250 and larger. The pumps have a temperature limiter in three phases of the motor stator windings and a humidity switch. These elements exclude the possibility of damage to the engine in the event of overloading or moisture ingress. The motor is sealed from the pump unit side with a double mechanical seal. The pump is equipped with a 10 m long neoprene sheath cable.<\/p>\r\n\r\n\r\n\r\n<h3>Working conditions of raw sewage pumps MSK2-90<\/h3>\r\n\r\n\r\n\r\n<p><span class=\"tlid-translation translation\" lang=\"en\"><span class=\"\" title=\"\">Sewage density up to 1100kg \/ m\u00b3<\/span> <\/span><br \/><span class=\"tlid-translation translation\" lang=\"en\"><span title=\"\">Fluid temperature up to 40 \u00b0 C<\/span> <\/span><br \/><span class=\"tlid-translation translation\" lang=\"en\"><span title=\"\">Maximum number of starts up to 20 \/ h<\/span><\/span><\/p>\r\n\r\n\r\n\r\n<table style=\"border-collapse: collapse; border-spacing: 0px; width: 100%; height: 447px;\" border=\"1\" align=\"center\" data-cell-padding=\"NaN\" data-cell-spacing=\"0\">\r\n<thead>\r\n<tr style=\"height: 132px;\">\r\n<th style=\"padding: 1px; height: 70px; width: 52.5536%; text-align: center; vertical-align: middle;\" colspan=\"8\" rowspan=\"1\" scope=\"col\">\r\n<h3 style=\"font-size: 30px; line-height: 36px;\"><strong>Submersible pumps MSK2-90<\/strong><\/h3>\r\n<\/th>\r\n<th style=\"padding: 1px; height: 110px; width: 18.6161%; text-align: center; vertical-align: middle;\" colspan=\"3\" rowspan=\"2\" scope=\"col\">\r\n<h4 style=\"font-size: 20px; line-height: 10px;\"><strong>Channel <br \/>Impeller <\/strong><\/h4>\r\n<h4 style=\"font-size: 20px; line-height: 10px;\"><img class=\"aligncenter\" style=\"width: 100px; height: 100px;\" title=\"Wirnik kana\u0142owy do pompy \u015bciekowej\" src=\"http:\/\/www.metalchemsa.com.pl\/wp-content\/uploads\/2020\/03\/Wirnik-kana\u0142owy-1.jpg\" alt=\"Pompa \u015bciekowa z przelotem 90mm Metalchem-Warszawa S.A.\" \/><\/h4>\r\n<\/th>\r\n<th style=\"padding: 1px; height: 110px; width: 28.8303%; text-align: center; vertical-align: middle;\" colspan=\"3\" rowspan=\"2\" scope=\"col\">\r\n<h4 style=\"font-size: 20px; line-height: 10px;\"><strong>Passage<\/strong><\/h4>\r\n<h4 style=\"font-size: 20px; line-height: 10px;\"><img class=\"aligncenter\" style=\"width: 165px; height: 100px;\" title=\"Pompa \u015bciekowa z kana\u0142em 9cm\" src=\"http:\/\/www.metalchemsa.com.pl\/wp-content\/uploads\/2020\/03\/Przelot-przez-kana\u0142-90.jpg\" alt=\"Pompa do \u015bciek\u00f3w przep\u0142yw przez kana\u0142 90mm\" \/><\/h4>\r\n<\/th>\r\n<\/tr>\r\n<tr style=\"height: 77px;\">\r\n<th style=\"padding: 1px; height: 40px; width: 52.5536%; text-align: center; vertical-align: middle;\" colspan=\"8\" rowspan=\"1\" scope=\"col\">\r\n<h4 style=\"font-size: 20px; line-height: 24px;\"><strong><span class=\"tlid-translation translation\" lang=\"en\"><span title=\"\">Mechanically treated sanitary sewage,<\/span> <span class=\"\" title=\"\">industrial and rainwater<\/span><\/span><\/strong><\/h4>\r\n<\/th>\r\n<\/tr>\r\n<\/thead>\r\n<tbody>\r\n<tr>\r\n<td style=\"padding: 1px; text-align: center; width: 4.44811%;\"><strong>No.<\/strong><\/td>\r\n<td style=\"padding: 1px; text-align: center; width: 8.40198%;\"><strong>Pump<\/strong><\/td>\r\n<td style=\"padding: 1px; text-align: center; width: 6.42504%;\"><strong>Power [kW]<\/strong><\/td>\r\n<td style=\"padding: 1px; text-align: center; width: 11.3674%;\"><strong>n [rpm]<\/strong><\/td>\r\n<td style=\"padding: 1px; text-align: center; width: 5.10708%;\"><strong>Qn [l\/s]<\/strong><\/td>\r\n<td style=\"padding: 1px; text-align: center; width: 5.10708%;\"><strong>Hn [m]<\/strong><\/td>\r\n<td style=\"padding: 1px; text-align: center; width: 5.10708%;\"><strong>In<sup>1<\/sup> [A]<\/strong><\/td>\r\n<td style=\"padding: 1px; text-align: center; width: 6.58979%;\"><strong>Z<sub>PS<\/sub><sup>2<\/sup> [A]<\/strong><\/td>\r\n<td style=\"padding: 1px; text-align: center; width: 5.10708%;\"><strong>cos \u03c6<\/strong><\/td>\r\n<td style=\"padding: 1px; text-align: center; width: 4.94234%;\"><strong>\u03b7 [%]<\/strong><\/td>\r\n<td style=\"padding: 1px; text-align: center; width: 8.56672%;\"><strong>Passage [mm]<\/strong><\/td>\r\n<td style=\"padding: 1px; text-align: center; width: 13.6738%;\"><strong>Auto coupling<\/strong><\/td>\r\n<td style=\"padding: 1px; text-align: center; width: 7.743%;\"><strong>Weight<sup>3<\/sup> [kg]<\/strong><\/td>\r\n<td style=\"padding: 1px; text-align: center; width: 7.41351%;\"><strong>Price<sup>4<\/sup><\/strong><\/td>\r\n<\/tr>\r\n<tr>\r\n<td style=\"padding: 1px; text-align: center; width: 4.44811%;\">1<\/td>\r\n<td style=\"padding: 1px; text-align: center; width: 8.40198%;\">18<\/td>\r\n<td style=\"padding: 1px; text-align: center; width: 6.42504%;\">1,1<\/td>\r\n<td style=\"padding: 1px; text-align: center; width: 11.3674%;\">705<\/td>\r\n<td style=\"padding: 1px; text-align: center; width: 5.10708%;\">19,0<\/td>\r\n<td style=\"padding: 1px; text-align: center; width: 5.10708%;\">2,9<\/td>\r\n<td style=\"padding: 1px; text-align: center; width: 5.10708%;\">3,4<\/td>\r\n<td style=\"padding: 1px; text-align: center; width: 6.58979%;\">4-6,3<\/td>\r\n<td style=\"padding: 1px; text-align: center; width: 5.10708%;\">0,65<\/td>\r\n<td style=\"padding: 1px; text-align: center; width: 4.94234%;\">72<\/td>\r\n<td style=\"padding: 1px; text-align: center; width: 8.56672%;\">90<\/td>\r\n<td style=\"padding: 1px; text-align: center; width: 13.6738%;\">KS100<\/td>\r\n<td style=\"padding: 1px; text-align: center; width: 7.743%;\">112<\/td>\r\n<td style=\"padding: 1px; text-align: center; width: 7.41351%;\">10 900<\/td>\r\n<\/tr>\r\n<tr>\r\n<td style=\"padding: 1px; text-align: center; width: 4.44811%;\">2<\/td>\r\n<td style=\"padding: 1px; text-align: center; width: 8.40198%;\">26<\/td>\r\n<td style=\"padding: 1px; text-align: center; width: 6.42504%;\">2,2<\/td>\r\n<td style=\"padding: 1px; text-align: center; width: 11.3674%;\">925<\/td>\r\n<td style=\"padding: 1px; text-align: center; width: 5.10708%;\">22,0<\/td>\r\n<td style=\"padding: 1px; text-align: center; width: 5.10708%;\">4,8<\/td>\r\n<td style=\"padding: 1px; text-align: center; width: 5.10708%;\">5,4<\/td>\r\n<td style=\"padding: 1px; text-align: center; width: 6.58979%;\">4-6,3<\/td>\r\n<td style=\"padding: 1px; text-align: center; width: 5.10708%;\">0,78<\/td>\r\n<td style=\"padding: 1px; text-align: center; width: 4.94234%;\">75<\/td>\r\n<td style=\"padding: 1px; text-align: center; width: 8.56672%;\">90<\/td>\r\n<td style=\"padding: 1px; text-align: center; width: 13.6738%;\">KS100<\/td>\r\n<td style=\"padding: 1px; text-align: center; width: 7.743%;\">114<\/td>\r\n<td style=\"padding: 1px; text-align: center; width: 7.41351%;\">11 400<\/td>\r\n<\/tr>\r\n<tr>\r\n<td style=\"padding: 1px; text-align: center; width: 4.44811%;\">3<\/td>\r\n<td style=\"padding: 1px; text-align: center; width: 8.40198%;\">44<\/td>\r\n<td style=\"padding: 1px; text-align: center; width: 6.42504%;\">4,0<\/td>\r\n<td style=\"padding: 1px; text-align: center; width: 11.3674%;\">1415<\/td>\r\n<td style=\"padding: 1px; text-align: center; width: 5.10708%;\">26,0<\/td>\r\n<td style=\"padding: 1px; text-align: center; width: 5.10708%;\">7,2<\/td>\r\n<td style=\"padding: 1px; text-align: center; width: 5.10708%;\">9,2<\/td>\r\n<td style=\"padding: 1px; text-align: center; width: 6.58979%;\">10-16<\/td>\r\n<td style=\"padding: 1px; text-align: center; width: 5.10708%;\">0,78<\/td>\r\n<td style=\"padding: 1px; text-align: center; width: 4.94234%;\">81<\/td>\r\n<td style=\"padding: 1px; text-align: center; width: 8.56672%;\">90<\/td>\r\n<td style=\"padding: 1px; text-align: center; width: 13.6738%;\">KS100<\/td>\r\n<td style=\"padding: 1px; text-align: center; width: 7.743%;\">116<\/td>\r\n<td style=\"padding: 1px; text-align: center; width: 7.41351%;\">12 000<\/td>\r\n<\/tr>\r\n<tr>\r\n<td style=\"padding: 1px; text-align: center; width: 4.44811%;\">4<\/td>\r\n<td style=\"padding: 1px; text-align: center; width: 8.40198%;\">124<\/td>\r\n<td style=\"padding: 1px; text-align: center; width: 6.42504%;\">12,5<\/td>\r\n<td style=\"padding: 1px; text-align: center; width: 11.3674%;\">1455<\/td>\r\n<td style=\"padding: 1px; text-align: center; width: 5.10708%;\">74,0<\/td>\r\n<td style=\"padding: 1px; text-align: center; width: 5.10708%;\">7,2<\/td>\r\n<td style=\"padding: 1px; text-align: center; width: 5.10708%;\">24,1<\/td>\r\n<td style=\"padding: 1px; text-align: center; width: 6.58979%;\">32<\/td>\r\n<td style=\"padding: 1px; text-align: center; width: 5.10708%;\">0,89<\/td>\r\n<td style=\"padding: 1px; text-align: center; width: 4.94234%;\">89<\/td>\r\n<td style=\"padding: 1px; text-align: center; width: 8.56672%;\">90<\/td>\r\n<td style=\"padding: 1px; text-align: center; width: 13.6738%;\">KS150L<\/td>\r\n<td style=\"padding: 1px; text-align: center; width: 7.743%;\">267<\/td>\r\n<td style=\"padding: 1px; text-align: center; width: 7.41351%;\">27 600<\/td>\r\n<\/tr>\r\n<tr>\r\n<td style=\"padding: 1px; text-align: center; width: 4.44811%;\">5<\/td>\r\n<td style=\"padding: 1px; text-align: center; width: 8.40198%;\">154<\/td>\r\n<td style=\"padding: 1px; text-align: center; width: 6.42504%;\">15,0<\/td>\r\n<td style=\"padding: 1px; text-align: center; width: 11.3674%;\">1460<\/td>\r\n<td style=\"padding: 1px; text-align: center; width: 5.10708%;\">76,0<\/td>\r\n<td style=\"padding: 1px; text-align: center; width: 5.10708%;\">8,6<\/td>\r\n<td style=\"padding: 1px; text-align: center; width: 5.10708%;\">27,7<\/td>\r\n<td style=\"padding: 1px; text-align: center; width: 6.58979%;\">32<\/td>\r\n<td style=\"padding: 1px; text-align: center; width: 5.10708%;\">0,87<\/td>\r\n<td style=\"padding: 1px; text-align: center; width: 4.94234%;\">89<\/td>\r\n<td style=\"padding: 1px; text-align: center; width: 8.56672%;\">90<\/td>\r\n<td style=\"padding: 1px; text-align: center; width: 13.6738%;\">KS150L<\/td>\r\n<td style=\"padding: 1px; text-align: center; width: 7.743%;\">282<\/td>\r\n<td style=\"padding: 1px; text-align: center; width: 7.41351%;\">31 900<\/td>\r\n<\/tr>\r\n<tr>\r\n<td style=\"padding: 1px; text-align: center; width: 4.44811%;\">6<\/td>\r\n<td style=\"padding: 1px; text-align: center; width: 8.40198%;\">184<\/td>\r\n<td style=\"padding: 1px; text-align: center; width: 6.42504%;\">18,5<\/td>\r\n<td style=\"padding: 1px; text-align: center; width: 11.3674%;\">1455<\/td>\r\n<td style=\"padding: 1px; text-align: center; width: 5.10708%;\">82,0<\/td>\r\n<td style=\"padding: 1px; text-align: center; width: 5.10708%;\">11,0<\/td>\r\n<td style=\"padding: 1px; text-align: center; width: 5.10708%;\">35,1<\/td>\r\n<td style=\"padding: 1px; text-align: center; width: 6.58979%;\">40<\/td>\r\n<td style=\"padding: 1px; text-align: center; width: 5.10708%;\">0,85<\/td>\r\n<td style=\"padding: 1px; text-align: center; width: 4.94234%;\">89<\/td>\r\n<td style=\"padding: 1px; text-align: center; width: 8.56672%;\">90<\/td>\r\n<td style=\"padding: 1px; text-align: center; width: 13.6738%;\">KS150L<\/td>\r\n<td style=\"padding: 1px; text-align: center; width: 7.743%;\">302<\/td>\r\n<td style=\"padding: 1px; text-align: center; width: 7.41351%;\">36 100<\/td>\r\n<\/tr>\r\n<tr>\r\n<td style=\"padding: 1px; text-align: center; width: 4.44811%;\">7<\/td>\r\n<td style=\"padding: 1px; text-align: center; width: 8.40198%;\">224<\/td>\r\n<td style=\"padding: 1px; text-align: center; width: 6.42504%;\">22,0<\/td>\r\n<td style=\"padding: 1px; text-align: center; width: 11.3674%;\">1455<\/td>\r\n<td style=\"padding: 1px; text-align: center; width: 5.10708%;\">87,0<\/td>\r\n<td style=\"padding: 1px; text-align: center; width: 5.10708%;\">13,0<\/td>\r\n<td style=\"padding: 1px; text-align: center; width: 5.10708%;\">43,2<\/td>\r\n<td style=\"padding: 1px; text-align: center; width: 6.58979%;\">63<\/td>\r\n<td style=\"padding: 1px; text-align: center; width: 5.10708%;\">0,92<\/td>\r\n<td style=\"padding: 1px; text-align: center; width: 4.94234%;\">92<\/td>\r\n<td style=\"padding: 1px; text-align: center; width: 8.56672%;\">90<\/td>\r\n<td style=\"padding: 1px; text-align: center; width: 13.6738%;\">KS150L<\/td>\r\n<td style=\"padding: 1px; text-align: center; width: 7.743%;\">317<\/td>\r\n<td style=\"padding: 1px; text-align: center; width: 7.41351%;\">40 200<\/td>\r\n<\/tr>\r\n<\/tbody>\r\n<\/table>\r\n\r\n\r\n\r\n<ol>\r\n<li>For pumps to 4,0kW start directly for other Intermediate star-delta starting.<\/li>\r\n<li>Motor overload protection.<\/li>\r\n<li>Including 25kg ZP150 or 7kg ZP80-ZP100 pump hitch and 10m cable.<\/li>\r\n<li>The prices in PLN are net prices and do not include transport costs to the customer.<\/li>\r\n<\/ol>\r\n\r\n\r\n\r\n<p>&nbsp;<\/p>\r\n\r\n\r\n\r\n<h3>Characteristics of MSK2-90 sewage pumps<\/h3>\r\n\r\n\r\n\r\n<figure class=\"wp-block-image size-large\"><img loading=\"lazy\" width=\"1508\" height=\"1992\" class=\"wp-image-1628\" src=\"http:\/\/www.metalchemsa.com.pl\/wp-content\/uploads\/2020\/03\/Ch-ki-MSK2-90.jpg\" alt=\"Characteristics of MSK2-90 pumps\" \/>\r\n<figcaption>H = f (Q) and P = f (Q) curves for MSK2-90 pumps<\/figcaption>\r\n<\/figure>\r\n\r\n\r\n\r\n<h3>Drawings and dimensions of sewage pumps MSK2-90<\/h3>\r\n\r\n\r\n\r\n<figure class=\"wp-block-image size-large\"><img loading=\"lazy\" width=\"779\" height=\"632\" class=\"wp-image-1629\" src=\"http:\/\/www.metalchemsa.com.pl\/wp-content\/uploads\/2020\/03\/CAD_MSK2-90.jpg\" alt=\"Dimensions of MSK2-90 pumps\" \/>\r\n<figcaption>Drawings of the raw sewage pump MSK2-90<\/figcaption>\r\n<\/figure>\r\n\r\n\r\n\r\n<div class=\"table-responsive\">\r\n<table class=\"table\" style=\"border-collapse: collapse; border-spacing: 0px; width: 1000px;\" border=\"1\" align=\"center\" data-cell-padding=\"0\" data-cell-spacing=\"0\">\r\n<tbody>\r\n<tr>\r\n<td style=\"text-align: center;\"><strong>No.<\/strong><\/td>\r\n<td style=\"text-align: center;\"><strong>Pump<\/strong><\/td>\r\n<td style=\"text-align: center;\"><strong>A<\/strong><\/td>\r\n<td style=\"text-align: center;\"><strong>B<\/strong><\/td>\r\n<td style=\"text-align: center;\"><strong>C<sub>KS150M<\/sub><\/strong><\/td>\r\n<td style=\"text-align: center;\"><strong>D<\/strong><\/td>\r\n<td style=\"text-align: center;\"><strong>E<\/strong><\/td>\r\n<td style=\"text-align: center;\"><strong>F<sub>KS150M<\/sub><\/strong><\/td>\r\n<td style=\"text-align: center;\"><strong>G<sub>KS150M<\/sub><\/strong><\/td>\r\n<td style=\"text-align: center;\"><strong>H<sub>KS150M<\/sub><\/strong><\/td>\r\n<td style=\"text-align: center;\"><strong>I<sub>1<\/sub><\/strong><\/td>\r\n<td style=\"text-align: center;\"><strong>I<sub>2<\/sub><\/strong><\/td>\r\n<td style=\"text-align: center;\"><strong>P<sub>MIN<\/sub><\/strong><\/td>\r\n<\/tr>\r\n<tr>\r\n<td style=\"text-align: center;\">1<\/td>\r\n<td style=\"text-align: center;\">124<\/td>\r\n<td style=\"text-align: center;\">1024<\/td>\r\n<td style=\"text-align: center;\">954<\/td>\r\n<td style=\"text-align: center;\">1130<\/td>\r\n<td style=\"text-align: center;\">375<\/td>\r\n<td style=\"text-align: center;\">560<\/td>\r\n<td style=\"text-align: center;\">712<\/td>\r\n<td style=\"text-align: center;\">442<\/td>\r\n<td style=\"text-align: center;\">662<\/td>\r\n<td style=\"text-align: center;\">220<\/td>\r\n<td style=\"text-align: center;\">220<\/td>\r\n<td style=\"text-align: center;\">800<\/td>\r\n<\/tr>\r\n<tr>\r\n<td style=\"text-align: center;\">2<\/td>\r\n<td style=\"text-align: center;\">154<\/td>\r\n<td style=\"text-align: center;\">1024<\/td>\r\n<td style=\"text-align: center;\">954<\/td>\r\n<td style=\"text-align: center;\">1130<\/td>\r\n<td style=\"text-align: center;\">375<\/td>\r\n<td style=\"text-align: center;\">560<\/td>\r\n<td style=\"text-align: center;\">712<\/td>\r\n<td style=\"text-align: center;\">442<\/td>\r\n<td style=\"text-align: center;\">662<\/td>\r\n<td style=\"text-align: center;\">220<\/td>\r\n<td style=\"text-align: center;\">220<\/td>\r\n<td style=\"text-align: center;\">800<\/td>\r\n<\/tr>\r\n<tr>\r\n<td style=\"text-align: center;\">3<\/td>\r\n<td style=\"text-align: center;\">184<\/td>\r\n<td style=\"text-align: center;\">1024<\/td>\r\n<td style=\"text-align: center;\">954<\/td>\r\n<td style=\"text-align: center;\">1130<\/td>\r\n<td style=\"text-align: center;\">375<\/td>\r\n<td style=\"text-align: center;\">560<\/td>\r\n<td style=\"text-align: center;\">712<\/td>\r\n<td style=\"text-align: center;\">442<\/td>\r\n<td style=\"text-align: center;\">662<\/td>\r\n<td style=\"text-align: center;\">220<\/td>\r\n<td style=\"text-align: center;\">220<\/td>\r\n<td style=\"text-align: center;\">800<\/td>\r\n<\/tr>\r\n<tr>\r\n<td style=\"text-align: center;\">4<\/td>\r\n<td style=\"text-align: center;\">224<\/td>\r\n<td style=\"text-align: center;\">1024<\/td>\r\n<td style=\"text-align: center;\">954<\/td>\r\n<td style=\"text-align: center;\">1130<\/td>\r\n<td style=\"text-align: center;\">375<\/td>\r\n<td style=\"text-align: center;\">560<\/td>\r\n<td style=\"text-align: center;\">712<\/td>\r\n<td style=\"text-align: center;\">442<\/td>\r\n<td style=\"text-align: center;\">662<\/td>\r\n<td style=\"text-align: center;\">220<\/td>\r\n<td style=\"text-align: center;\">220<\/td>\r\n<td style=\"text-align: center;\">800<\/td>\r\n<\/tr>\r\n<\/tbody>\r\n<\/table>\r\n<\/div>\r\n<p style=\"font-size: 11px; line-height: 13px;\">\u00a0<\/p>\r\n<p>&nbsp;<\/p>\r\n\r\n<p><!--StartFragment--><\/p>\r\n\r\n<h3>Materials used in MSK2-90 pumps<\/h3>\r\n\r\n\r\n\r\n<ul>\r\n<li>Motor body, pump body, impeller, coupling, coupling elbow &#8211; cast iron \u017bL200, \u017bL250,<\/li>\r\n<li>Pump shaft &#8211; stainless steel,<\/li>\r\n<li>Fasteners &#8211; stainless steel,<\/li>\r\n<li>Bearings &#8211; single row ball, double row angular contact ball,<\/li>\r\n<li>Double mechanical face seal,<\/li>\r\n<li>Epoxy varnish coating<\/li>\r\n<\/ul>\r\n\r\n\r\n\r\n<p>&nbsp;<\/p>\r\n\r\n\r\n\r\n<h3>Pump motors 400V\/50Hz<\/h3>\r\n\r\n\r\n\r\n<p>Insulation class F<\/p>\r\n\r\n\r\n\r\n<h3>Compliance with standards<\/h3>\r\n\r\n\r\n\r\n<p>ISO 9908<br \/>ISO STANDARD 2548 CLASS B<\/p>\r\n\r\n\r\n\r\n<h3>Download<\/h3>\r\n\r\n\r\n\r\n<div class=\"wp-block-button\"><a class=\"wp-block-button__link has-text-color\" style=\"color: #00a010;\" href=\"http:\/\/karty-katalogowe.metalchemsa.pl\/Karta katalogowa MSK2-90.pdf\" target=\"_blank\" rel=\"noopener noreferrer\">Catalogue Card<\/a><\/div>\r\n\r\n\r\n\r\n<p>&nbsp;<\/p>\r\n\r\n\r\n\r\n<div class=\"wp-block-button\"><a class=\"wp-block-button__link has-text-color\" style=\"color: #00a010;\" href=\"http:\/\/www.metalchemsa.com.pl\/en\/download\/\">CAD Blocks<\/a><\/div>\r\n\r\n<p><!--EndFragment--><\/p>","protected":false},"excerpt":{"rendered":"<p>General characteristics of the MSK2-90 sewage pump MSK2-90 sewage pumps are intended for pumping sanitary and industrial sewage as well as drainage and rainwater. They are used in sewage systems, sewage treatment plants and pumping stations as well as all types of drainage systems. MSK2-90 are also excellent pumps for recirculation of sludge and process<br \/><a class=\"btn_a\" href=\"https:\/\/www.metalchemsa.com.pl\/en\/sewage-pumps-msk2-90\/\"><span><i class=\"in_left fa fa-angle-right\"><\/i><span>Details<\/span><i class=\"in_right fa fa-angle-right\"><\/i><\/span><\/a><\/p>\n","protected":false},"author":1,"featured_media":0,"parent":0,"menu_order":0,"comment_status":"closed","ping_status":"closed","template":"","meta":[],"_links":{"self":[{"href":"https:\/\/www.metalchemsa.com.pl\/en\/wp-json\/wp\/v2\/pages\/2052"}],"collection":[{"href":"https:\/\/www.metalchemsa.com.pl\/en\/wp-json\/wp\/v2\/pages"}],"about":[{"href":"https:\/\/www.metalchemsa.com.pl\/en\/wp-json\/wp\/v2\/types\/page"}],"author":[{"embeddable":true,"href":"https:\/\/www.metalchemsa.com.pl\/en\/wp-json\/wp\/v2\/users\/1"}],"replies":[{"embeddable":true,"href":"https:\/\/www.metalchemsa.com.pl\/en\/wp-json\/wp\/v2\/comments?post=2052"}],"version-history":[{"count":16,"href":"https:\/\/www.metalchemsa.com.pl\/en\/wp-json\/wp\/v2\/pages\/2052\/revisions"}],"predecessor-version":[{"id":2702,"href":"https:\/\/www.metalchemsa.com.pl\/en\/wp-json\/wp\/v2\/pages\/2052\/revisions\/2702"}],"wp:attachment":[{"href":"https:\/\/www.metalchemsa.com.pl\/en\/wp-json\/wp\/v2\/media?parent=2052"}],"curies":[{"name":"wp","href":"https:\/\/api.w.org\/{rel}","templated":true}]}}