{"id":1999,"date":"2020-04-17T16:40:25","date_gmt":"2020-04-17T14:40:25","guid":{"rendered":"http:\/\/www.metalchemsa.com.pl\/sewage-pumps-msk1-100\/"},"modified":"2023-01-20T08:03:39","modified_gmt":"2023-01-20T07:03:39","slug":"sewage-pumps-msk1-100","status":"publish","type":"page","link":"https:\/\/www.metalchemsa.com.pl\/en\/sewage-pumps-msk1-100\/","title":{"rendered":"Sewage pumps MSK1-100"},"content":{"rendered":"\r\n<div class=\"icon_boxes_con style1 clearfix wp-block-kyma-service columns-4\">\r\n<div class=\"col-md-3\">\r\n<div class=\"service_box\">\r\n<div class=\"icon kblk-icon-box-icon kblk-icon-box-icon-align-top\">\u00a0<\/div>\r\n<div class=\"service_box_con centered\">\r\n<h3 class=\"wp-block-kyma-service-block__title\">MSV-15<\/h3>\r\n<span class=\"desc\">Dirty water, mechanically treated gray sewage<\/span><a class=\"ser-box-link\" href=\"http:\/\/www.metalchemsa.com.pl\/en\/dirty-water-pumps-msv-15\/\">Read More<\/a><\/div>\r\n<\/div>\r\n<\/div>\r\n<div class=\"col-md-3\">\r\n<div class=\"service_box\">\r\n<div class=\"icon kblk-icon-box-icon kblk-icon-box-icon-align-top\">\u00a0<\/div>\r\n<div class=\"service_box_con centered\">\r\n<h3 class=\"wp-block-kyma-service-block__title\">MSV-50<\/h3>\r\n<span class=\"desc\">Raw municipal and industrial wastewater<\/span><a class=\"ser-box-link\" href=\"http:\/\/www.metalchemsa.com.pl\/en\/sewage-pumps-msv-50\/\">Read More<\/a><\/div>\r\n<\/div>\r\n<\/div>\r\n<div class=\"col-md-3\">\r\n<div class=\"service_box\">\r\n<div class=\"icon kblk-icon-box-icon kblk-icon-box-icon-align-top\">\u00a0<\/div>\r\n<div class=\"service_box_con centered\">\r\n<h3 class=\"wp-block-kyma-service-block__title\">MSV-80-2<\/h3>\r\n<span class=\"desc\">Raw municipal and industrial wastewater<\/span><a class=\"ser-box-link\" href=\"http:\/\/www.metalchemsa.com.pl\/en\/sewage-pumps-msv-80-2\/\">Read More<\/a><\/div>\r\n<\/div>\r\n<\/div>\r\n<div class=\"col-md-3\">\r\n<div class=\"service_box\">\r\n<div class=\"icon kblk-icon-box-icon kblk-icon-box-icon-align-top\">\u00a0<\/div>\r\n<div class=\"service_box_con centered\">\r\n<h3 class=\"wp-block-kyma-service-block__title\">MSV-80-4<\/h3>\r\n<span class=\"desc\">Raw municipal and industrial wastewater<\/span><a class=\"ser-box-link\" href=\"http:\/\/www.metalchemsa.com.pl\/en\/sewage-pumps-msv-80-4\/\">Read More<\/a><\/div>\r\n<\/div>\r\n<\/div>\r\n<div class=\"col-md-3\">\r\n<div class=\"service_box\">\r\n<div class=\"icon kblk-icon-box-icon kblk-icon-box-icon-align-top\">\u00a0<\/div>\r\n<div class=\"service_box_con centered\">\r\n<h3 class=\"wp-block-kyma-service-block__title\">MSK1-80<\/h3>\r\n<span class=\"desc\">Raw municipal and industrial wastewater<\/span><a class=\"ser-box-link\" href=\"http:\/\/www.metalchemsa.com.pl\/en\/sewage-pumps-msk1-80\/\">Read More<\/a><\/div>\r\n<\/div>\r\n<\/div>\r\n<div class=\"col-md-3\">\r\n<div class=\"service_box\">\r\n<div class=\"icon kblk-icon-box-icon kblk-icon-box-icon-align-top\">\u00a0<\/div>\r\n<div class=\"service_box_con centered\">\r\n<h3 class=\"wp-block-kyma-service-block__title\">MSK1-100<\/h3>\r\n<span class=\"desc\">Raw municipal and industrial wastewater<\/span><a class=\"ser-box-link\" href=\"http:\/\/www.metalchemsa.com.pl\/en\/sewage-pumps-msk1-100\/\">Read More<\/a><\/div>\r\n<\/div>\r\n<\/div>\r\n<div class=\"col-md-3\">\r\n<div class=\"service_box\">\r\n<div class=\"icon kblk-icon-box-icon kblk-icon-box-icon-align-top\">\u00a0<\/div>\r\n<div class=\"service_box_con centered\">\r\n<h3 class=\"wp-block-kyma-service-block__title\">MSK2-90<\/h3>\r\n<span class=\"desc\">Water and wastewater mechanically treated<\/span><a class=\"ser-box-link\" href=\"http:\/\/www.metalchemsa.com.pl\/en\/sewage-pumps-msk2-90\/\">Read More<\/a><\/div>\r\n<\/div>\r\n<\/div>\r\n<div class=\"col-md-3\">\r\n<div class=\"service_box\">\r\n<div class=\"icon kblk-icon-box-icon kblk-icon-box-icon-align-top\">\u00a0<\/div>\r\n<div class=\"service_box_con centered\">\r\n<h3 class=\"wp-block-kyma-service-block__title\">MSV-R<\/h3>\r\n<span class=\"desc\">Household and industrial sewage<\/span><a class=\"ser-box-link\" href=\"http:\/\/www.metalchemsa.com.pl\/en\/sewage-pumps-msv-r\/\">Read More<\/a><\/div>\r\n<\/div>\r\n<\/div>\r\n<\/div>\r\n\r\n\r\n\r\n<h2>General characteristics of the raw sewage pump MSK1-100<\/h2>\r\n\r\n\r\n\r\n<p>MSK1-100 pumps are intended for pumping sanitary and industrial sewage as well as drainage and rainwater. They are used in sewage systems, sewage treatment plants and pumping stations as well as all types of drainage systems. Free passage through the rotor channel of solids up to 100mm in size ensures trouble-free operation with pipelines with cross sections Dn150, Dn200 and larger. The pumps have a temperature limiter in three phases of the motor stator windings and a humidity switch. These elements exclude the possibility of damage to the engine in the event of overloading or moisture ingress. The engine is sealed from the pump unit side with a double mechanical seal in the oil chamber. The pump is equipped with a 10 m long neoprene sheath cable.<\/p>\r\n\r\n\r\n\r\n<h3>Operating conditions of raw sewage pumps MSK1-100<\/h3>\r\n\r\n\r\n\r\n<p><span class=\"tlid-translation translation\" lang=\"en\"><span class=\"\" title=\"\">Sewage density up to 1100kg \/ m\u00b3<\/span> <\/span><br \/><span class=\"tlid-translation translation\" lang=\"en\"><span title=\"\">Fluid temperature up to 40 \u00b0 C<\/span> <\/span><br \/><span class=\"tlid-translation translation\" lang=\"en\"><span title=\"\">Maximum number of starts up to 20 \/ h<\/span><\/span><\/p>\r\n\r\n\r\n\r\n<div class=\"table-responsive\">\r\n<table style=\"border-collapse: collapse; border-spacing: 0px; width: 100%; height: 447px;\" border=\"1\" align=\"center\" data-cell-padding=\"NaN\" data-cell-spacing=\"0\">\r\n<thead>\r\n<tr style=\"height: 132px;\">\r\n<th style=\"padding: 1px; height: 70px; width: 49.923%; text-align: center; vertical-align: middle;\" colspan=\"8\" rowspan=\"1\" scope=\"col\">\r\n<h3 style=\"font-size: 30px; line-height: 36px;\"><strong>Submersible pumps<br \/>MSK1-100<\/strong><\/h3>\r\n<\/th>\r\n<th style=\"padding: 1px; height: 110px; width: 20.1849%; text-align: center; vertical-align: middle;\" colspan=\"3\" rowspan=\"2\" scope=\"col\">\r\n<h4 style=\"font-size: 20px; line-height: 10px;\"><strong>Channel<br \/><br \/>Impeller<\/strong><\/h4>\r\n<h4 style=\"font-size: 20px; line-height: 10px;\"><img class=\"aligncenter\" style=\"width: 100px; height: 100px;\" title=\"Wirnik kana\u0142owy do pompy \u015bciekowej\" src=\"http:\/\/www.metalchemsa.com.pl\/wp-content\/uploads\/2020\/03\/Wirnik-kana\u0142owy-1.jpg\" alt=\"Pompa \u015bciekowa z przelotem 80mm Metalchem-Warszawa S.A.\" \/><\/h4>\r\n<\/th>\r\n<th style=\"padding: 1px; height: 110px; width: 29.584%; text-align: center; vertical-align: middle;\" colspan=\"3\" rowspan=\"2\" scope=\"col\">\r\n<h4 style=\"font-size: 20px; line-height: 10px;\"><strong>Passage<\/strong><\/h4>\r\n<h4 style=\"font-size: 20px; line-height: 10px;\"><img class=\"aligncenter\" style=\"width: 165px; height: 100px;\" title=\"Pompa \u015bciekowa z kana\u0142em 10cm\" src=\"http:\/\/www.metalchemsa.com.pl\/wp-content\/uploads\/2020\/03\/Przelot-przez-kana\u0142-100-1.jpg\" alt=\"Pompa do \u015bciek\u00f3w przep\u0142yw przez kana\u0142 100mm\" \/><\/h4>\r\n<\/th>\r\n<\/tr>\r\n<tr style=\"height: 77px;\">\r\n<th style=\"padding: 1px; height: 40px; width: 49.923%; text-align: center; vertical-align: middle;\" colspan=\"8\" rowspan=\"1\" scope=\"col\">\r\n<h4 style=\"font-size: 20px; line-height: 24px;\"><strong>Sanitary and industrial sewage<\/strong><\/h4>\r\n<\/th>\r\n<\/tr>\r\n<\/thead>\r\n<tbody>\r\n<tr>\r\n<td style=\"padding: 1px; text-align: center; vertical-align: middle; width: 4.6225%;\"><strong>No.<\/strong><\/td>\r\n<td style=\"padding: 1px; text-align: center; vertical-align: middle; width: 7.70416%;\"><strong>Pump<\/strong><\/td>\r\n<td style=\"padding: 1px; text-align: center; vertical-align: middle; width: 8.32049%;\"><strong>Power<br \/>[kW]<\/strong><\/td>\r\n<td style=\"padding: 1px; text-align: center; vertical-align: middle; width: 7.85824%;\"><strong>n<br \/>[rpm]<\/strong><\/td>\r\n<td style=\"padding: 1px; text-align: center; vertical-align: middle; width: 5.23883%;\"><strong>Qn<br \/>[l\/s]<\/strong><\/td>\r\n<td style=\"padding: 1px; text-align: center; vertical-align: middle; width: 5.23883%;\"><strong>Hn<br \/>[m]<\/strong><\/td>\r\n<td style=\"padding: 1px; text-align: center; vertical-align: middle; width: 5.23883%;\"><strong>In<sup>1<\/sup><br \/>[A]<\/strong><\/td>\r\n<td style=\"padding: 1px; text-align: center; vertical-align: middle; width: 5.70108%;\"><strong>Z<sub>PS<\/sub><sup>2<\/sup><br \/>[A]<\/strong><\/td>\r\n<td style=\"padding: 1px; text-align: center; vertical-align: middle; width: 5.23883%;\"><strong>cos<br \/>\u03c6<\/strong><\/td>\r\n<td style=\"padding: 1px; text-align: center; vertical-align: middle; width: 4.77658%;\"><strong>\u03b7<br \/>[%]<\/strong><\/td>\r\n<td style=\"padding: 1px; text-align: center; vertical-align: middle; width: 10.1695%;\"><strong>Passage<br \/>[mm]<\/strong><\/td>\r\n<td style=\"padding: 1px; text-align: center; vertical-align: middle; width: 11.2481%;\"><strong>Auto<br \/>coupling<\/strong><\/td>\r\n<td style=\"padding: 1px; text-align: center; vertical-align: middle; width: 10.3236%;\"><strong>Weight<sup>3<\/sup><br \/>[kg]<\/strong><\/td>\r\n<td style=\"padding: 1px; text-align: center; vertical-align: middle; width: 8.01233%;\"><strong>Price<sup>4<\/sup><\/strong><\/td>\r\n<\/tr>\r\n<tr>\r\n<td style=\"padding: 1px; text-align: center; width: 4.6225%;\">1<\/td>\r\n<td style=\"padding: 1px; text-align: center; width: 7.70416%;\">124<\/td>\r\n<td style=\"padding: 1px; text-align: center; width: 8.32049%;\">12,5<\/td>\r\n<td style=\"padding: 1px; text-align: center; width: 7.85824%;\">1455<\/td>\r\n<td style=\"padding: 1px; text-align: center; width: 5.23883%;\">50,0<\/td>\r\n<td style=\"padding: 1px; text-align: center; width: 5.23883%;\">13,0<\/td>\r\n<td style=\"padding: 1px; text-align: center; width: 5.23883%;\">24,1<\/td>\r\n<td style=\"padding: 1px; text-align: center; width: 5.70108%;\">32<\/td>\r\n<td style=\"padding: 1px; text-align: center; width: 5.23883%;\">0,89<\/td>\r\n<td style=\"padding: 1px; text-align: center; width: 4.77658%;\">89<\/td>\r\n<td style=\"padding: 1px; text-align: center; width: 10.1695%;\">100<\/td>\r\n<td style=\"padding: 1px; text-align: center; width: 11.2481%;\">KS150M<\/td>\r\n<td style=\"padding: 1px; text-align: center; width: 10.3236%;\">254<\/td>\r\n<td style=\"padding: 1px; text-align: center; width: 8.01233%;\">25 300<\/td>\r\n<\/tr>\r\n<tr>\r\n<td style=\"padding: 1px; text-align: center; width: 4.6225%;\">2<\/td>\r\n<td style=\"padding: 1px; text-align: center; width: 7.70416%;\">154<\/td>\r\n<td style=\"padding: 1px; text-align: center; width: 8.32049%;\">15,0<\/td>\r\n<td style=\"padding: 1px; text-align: center; width: 7.85824%;\">1460<\/td>\r\n<td style=\"padding: 1px; text-align: center; width: 5.23883%;\">52,0<\/td>\r\n<td style=\"padding: 1px; text-align: center; width: 5.23883%;\">16,0<\/td>\r\n<td style=\"padding: 1px; text-align: center; width: 5.23883%;\">27,7<\/td>\r\n<td style=\"padding: 1px; text-align: center; width: 5.70108%;\">32<\/td>\r\n<td style=\"padding: 1px; text-align: center; width: 5.23883%;\">0,87<\/td>\r\n<td style=\"padding: 1px; text-align: center; width: 4.77658%;\">89<\/td>\r\n<td style=\"padding: 1px; text-align: center; width: 10.1695%;\">100<\/td>\r\n<td style=\"padding: 1px; text-align: center; width: 11.2481%;\">KS150M<\/td>\r\n<td style=\"padding: 1px; text-align: center; width: 10.3236%;\">269<\/td>\r\n<td style=\"padding: 1px; text-align: center; width: 8.01233%;\">29 400<\/td>\r\n<\/tr>\r\n<tr>\r\n<td style=\"padding: 1px; text-align: center; width: 4.6225%;\">3<\/td>\r\n<td style=\"padding: 1px; text-align: center; width: 7.70416%;\">184<\/td>\r\n<td style=\"padding: 1px; text-align: center; width: 8.32049%;\">18,5<\/td>\r\n<td style=\"padding: 1px; text-align: center; width: 7.85824%;\">1455<\/td>\r\n<td style=\"padding: 1px; text-align: center; width: 5.23883%;\">62,0<\/td>\r\n<td style=\"padding: 1px; text-align: center; width: 5.23883%;\">17,0<\/td>\r\n<td style=\"padding: 1px; text-align: center; width: 5.23883%;\">35,1<\/td>\r\n<td style=\"padding: 1px; text-align: center; width: 5.70108%;\">40<\/td>\r\n<td style=\"padding: 1px; text-align: center; width: 5.23883%;\">0,85<\/td>\r\n<td style=\"padding: 1px; text-align: center; width: 4.77658%;\">89<\/td>\r\n<td style=\"padding: 1px; text-align: center; width: 10.1695%;\">100<\/td>\r\n<td style=\"padding: 1px; text-align: center; width: 11.2481%;\">KS150M<\/td>\r\n<td style=\"padding: 1px; text-align: center; width: 10.3236%;\">289<\/td>\r\n<td style=\"padding: 1px; text-align: center; width: 8.01233%;\">33 500<\/td>\r\n<\/tr>\r\n<tr>\r\n<td style=\"padding: 1px; text-align: center; width: 4.6225%;\">4<\/td>\r\n<td style=\"padding: 1px; text-align: center; width: 7.70416%;\">224<\/td>\r\n<td style=\"padding: 1px; text-align: center; width: 8.32049%;\">22,0<\/td>\r\n<td style=\"padding: 1px; text-align: center; width: 7.85824%;\">1455<\/td>\r\n<td style=\"padding: 1px; text-align: center; width: 5.23883%;\">72,0<\/td>\r\n<td style=\"padding: 1px; text-align: center; width: 5.23883%;\">18,0<\/td>\r\n<td style=\"padding: 1px; text-align: center; width: 5.23883%;\">43,2<\/td>\r\n<td style=\"padding: 1px; text-align: center; width: 5.70108%;\">63<\/td>\r\n<td style=\"padding: 1px; text-align: center; width: 5.23883%;\">0,92<\/td>\r\n<td style=\"padding: 1px; text-align: center; width: 4.77658%;\">92<\/td>\r\n<td style=\"padding: 1px; text-align: center; width: 10.1695%;\">100<\/td>\r\n<td style=\"padding: 1px; text-align: center; width: 11.2481%;\">KS150M<\/td>\r\n<td style=\"padding: 1px; text-align: center; width: 10.3236%;\">304<\/td>\r\n<td style=\"padding: 1px; text-align: center; width: 8.01233%;\">38 000<\/td>\r\n<\/tr>\r\n<\/tbody>\r\n<\/table>\r\n<\/div>\r\n<p>&nbsp;<\/p>\r\n\r\n\r\n\r\n<ol>\r\n<li>Intermediate star-delta starting.<\/li>\r\n<li>Motor overload protection.<\/li>\r\n<li>Including 25kg ZP150 pump catch and 10m cable.<\/li>\r\n<li>The prices are net prices and do not include transport costs to the customer.<\/li>\r\n<\/ol>\r\n\r\n\r\n\r\n<p>&nbsp;<\/p>\r\n\r\n\r\n\r\n<h3>Characteristic sewage pumps MSK1-100<\/h3>\r\n\r\n\r\n\r\n<figure class=\"wp-block-image size-large\"><img loading=\"lazy\" width=\"1200\" height=\"1919\" class=\"wp-image-1625\" src=\"http:\/\/www.metalchemsa.com.pl\/wp-content\/uploads\/2020\/03\/Ch-ki-MSK1-100-scaled-e1584526470851.jpg\" alt=\"Characteristics of MSK1-100 pumps\" \/>\r\n<figcaption>Characteristics H = f (Q) and P = f (Q) for MSK1-100 pumps<\/figcaption>\r\n<\/figure>\r\n\r\n\r\n\r\n<h3>Drawing and dimensions sewage pumps MSK1-100<\/h3>\r\n\r\n\r\n\r\n<figure class=\"wp-block-image size-large\"><img loading=\"lazy\" width=\"545\" height=\"800\" class=\"wp-image-1626\" src=\"http:\/\/www.metalchemsa.com.pl\/wp-content\/uploads\/2020\/03\/CAD_MSK1-100.jpg\" alt=\"Dimensions of MSK1-100 pumps\" \/>\r\n<figcaption>Drawings of the raw sewage pump MSK1-100<\/figcaption>\r\n<\/figure>\r\n\r\n\r\n\r\n<div class=\"table-responsive\">\r\n<table class=\"table\" style=\"border-collapse: collapse; border-spacing: 0px; width: 1000px;\" border=\"1\" align=\"center\" data-cell-padding=\"0\" data-cell-spacing=\"0\">\r\n<tbody>\r\n<tr>\r\n<td style=\"text-align: center;\"><strong>No.<\/strong><\/td>\r\n<td style=\"text-align: center;\"><strong>Pump<\/strong><\/td>\r\n<td style=\"text-align: center;\"><strong>A<\/strong><\/td>\r\n<td style=\"text-align: center;\"><strong>B<\/strong><\/td>\r\n<td style=\"text-align: center;\"><strong>C<sub>KS150M<\/sub><\/strong><\/td>\r\n<td style=\"text-align: center;\"><strong>D<\/strong><\/td>\r\n<td style=\"text-align: center;\"><strong>E<\/strong><\/td>\r\n<td style=\"text-align: center;\"><strong>F<sub>KS150M<\/sub><\/strong><\/td>\r\n<td style=\"text-align: center;\"><strong>G<sub>KS150M<\/sub><\/strong><\/td>\r\n<td style=\"text-align: center;\"><strong>H<sub>KS150M<\/sub><\/strong><\/td>\r\n<td style=\"text-align: center;\"><strong>I<sub>1<\/sub><\/strong><\/td>\r\n<td style=\"text-align: center;\"><strong>I<sub>2<\/sub><\/strong><\/td>\r\n<td style=\"text-align: center;\"><strong>P<sub>MIN<\/sub><\/strong><\/td>\r\n<\/tr>\r\n<tr>\r\n<td style=\"text-align: center;\">1<\/td>\r\n<td style=\"text-align: center;\">124<\/td>\r\n<td style=\"text-align: center;\">1024<\/td>\r\n<td style=\"text-align: center;\">954<\/td>\r\n<td style=\"text-align: center;\">1130<\/td>\r\n<td style=\"text-align: center;\">375<\/td>\r\n<td style=\"text-align: center;\">560<\/td>\r\n<td style=\"text-align: center;\">712<\/td>\r\n<td style=\"text-align: center;\">442<\/td>\r\n<td style=\"text-align: center;\">662<\/td>\r\n<td style=\"text-align: center;\">220<\/td>\r\n<td style=\"text-align: center;\">220<\/td>\r\n<td style=\"text-align: center;\">800<\/td>\r\n<\/tr>\r\n<tr>\r\n<td style=\"text-align: center;\">2<\/td>\r\n<td style=\"text-align: center;\">154<\/td>\r\n<td style=\"text-align: center;\">1024<\/td>\r\n<td style=\"text-align: center;\">954<\/td>\r\n<td style=\"text-align: center;\">1130<\/td>\r\n<td style=\"text-align: center;\">375<\/td>\r\n<td style=\"text-align: center;\">560<\/td>\r\n<td style=\"text-align: center;\">712<\/td>\r\n<td style=\"text-align: center;\">442<\/td>\r\n<td style=\"text-align: center;\">662<\/td>\r\n<td style=\"text-align: center;\">220<\/td>\r\n<td style=\"text-align: center;\">220<\/td>\r\n<td style=\"text-align: center;\">800<\/td>\r\n<\/tr>\r\n<tr>\r\n<td style=\"text-align: center;\">3<\/td>\r\n<td style=\"text-align: center;\">184<\/td>\r\n<td style=\"text-align: center;\">1024<\/td>\r\n<td style=\"text-align: center;\">954<\/td>\r\n<td style=\"text-align: center;\">1130<\/td>\r\n<td style=\"text-align: center;\">375<\/td>\r\n<td style=\"text-align: center;\">560<\/td>\r\n<td style=\"text-align: center;\">712<\/td>\r\n<td style=\"text-align: center;\">442<\/td>\r\n<td style=\"text-align: center;\">662<\/td>\r\n<td style=\"text-align: center;\">220<\/td>\r\n<td style=\"text-align: center;\">220<\/td>\r\n<td style=\"text-align: center;\">800<\/td>\r\n<\/tr>\r\n<tr>\r\n<td style=\"text-align: center;\">4<\/td>\r\n<td style=\"text-align: center;\">224<\/td>\r\n<td style=\"text-align: center;\">1024<\/td>\r\n<td style=\"text-align: center;\">954<\/td>\r\n<td style=\"text-align: center;\">1130<\/td>\r\n<td style=\"text-align: center;\">375<\/td>\r\n<td style=\"text-align: center;\">560<\/td>\r\n<td style=\"text-align: center;\">712<\/td>\r\n<td style=\"text-align: center;\">442<\/td>\r\n<td style=\"text-align: center;\">662<\/td>\r\n<td style=\"text-align: center;\">220<\/td>\r\n<td style=\"text-align: center;\">220<\/td>\r\n<td style=\"text-align: center;\">800<\/td>\r\n<\/tr>\r\n<\/tbody>\r\n<\/table>\r\n<p style=\"font-size: 11px; line-height: 13px;\">\u00a0<\/p>\r\n<\/div>\r\n<p>&nbsp;<\/p>\r\n\r\n\r\n\r\n<h3>Material used in MSK1-100 pumps<\/h3>\r\n\r\n\r\n\r\n<ul>\r\n<li>Motor body, pump body, impeller, coupling, coupling elbow &#8211; cast iron \u017bL200, \u017bL250,<\/li>\r\n<li>Pump shaft &#8211; stainless steel,<\/li>\r\n<li>Fasteners &#8211; stainless steel,<\/li>\r\n<li>Bearings &#8211; single row ball, double row angular contact ball,<\/li>\r\n<li>Double mechanical face seal,<\/li>\r\n<li>Epoxy varnish coating<\/li>\r\n<\/ul>\r\n\r\n<p><!--StartFragment--><\/p>\r\n\r\n<h3>Pump motors 400V\/50Hz<\/h3>\r\n\r\n\r\n\r\n<p>Klasa izolacji F<\/p>\r\n\r\n\r\n\r\n<h3>Compliance with standards<\/h3>\r\n\r\n\r\n\r\n<p>ISO 9908<br \/>ISO STANDARD 2548 CLASS B<\/p>\r\n\r\n\r\n\r\n<h3>Download<\/h3>\r\n\r\n\r\n\r\n<div class=\"wp-block-button\"><a class=\"wp-block-button__link has-text-color\" style=\"color: #00a010;\" href=\"http:\/\/karty-katalogowe.metalchemsa.pl\/Karta katalogowa MSK1-100.pdf\" target=\"_blank\" rel=\"noopener noreferrer\">Catalogue Card<\/a><\/div>\r\n\r\n\r\n\r\n<p>&nbsp;<\/p>\r\n\r\n\r\n\r\n<div class=\"wp-block-button\"><a class=\"wp-block-button__link has-text-color\" style=\"color: #00a010;\" href=\"http:\/\/www.metalchemsa.com.pl\/en\/download\/\">CAD Blocks<\/a><\/div>\r\n","protected":false},"excerpt":{"rendered":"<p>General characteristics of the raw sewage pump MSK1-100 MSK1-100 pumps are intended for pumping sanitary and industrial sewage as well as drainage and rainwater. They are used in sewage systems, sewage treatment plants and pumping stations as well as all types of drainage systems. Free passage through the rotor channel of solids up to 100mm<br \/><a class=\"btn_a\" href=\"https:\/\/www.metalchemsa.com.pl\/en\/sewage-pumps-msk1-100\/\"><span><i class=\"in_left fa fa-angle-right\"><\/i><span>Details<\/span><i class=\"in_right fa fa-angle-right\"><\/i><\/span><\/a><\/p>\n","protected":false},"author":1,"featured_media":0,"parent":0,"menu_order":0,"comment_status":"closed","ping_status":"closed","template":"","meta":[],"_links":{"self":[{"href":"https:\/\/www.metalchemsa.com.pl\/en\/wp-json\/wp\/v2\/pages\/1999"}],"collection":[{"href":"https:\/\/www.metalchemsa.com.pl\/en\/wp-json\/wp\/v2\/pages"}],"about":[{"href":"https:\/\/www.metalchemsa.com.pl\/en\/wp-json\/wp\/v2\/types\/page"}],"author":[{"embeddable":true,"href":"https:\/\/www.metalchemsa.com.pl\/en\/wp-json\/wp\/v2\/users\/1"}],"replies":[{"embeddable":true,"href":"https:\/\/www.metalchemsa.com.pl\/en\/wp-json\/wp\/v2\/comments?post=1999"}],"version-history":[{"count":16,"href":"https:\/\/www.metalchemsa.com.pl\/en\/wp-json\/wp\/v2\/pages\/1999\/revisions"}],"predecessor-version":[{"id":2697,"href":"https:\/\/www.metalchemsa.com.pl\/en\/wp-json\/wp\/v2\/pages\/1999\/revisions\/2697"}],"wp:attachment":[{"href":"https:\/\/www.metalchemsa.com.pl\/en\/wp-json\/wp\/v2\/media?parent=1999"}],"curies":[{"name":"wp","href":"https:\/\/api.w.org\/{rel}","templated":true}]}}