{"id":1831,"date":"2020-04-15T12:44:04","date_gmt":"2020-04-15T10:44:04","guid":{"rendered":"http:\/\/www.metalchemsa.com.pl\/?page_id=1831"},"modified":"2020-05-13T11:46:38","modified_gmt":"2020-05-13T09:46:38","slug":"sewage-mixers","status":"publish","type":"page","link":"https:\/\/www.metalchemsa.com.pl\/en\/sewage-mixers\/","title":{"rendered":"Sewage mixers"},"content":{"rendered":"\n<h2>Propeller and ejector mixers<\/h2>\n\n\n\n<figure class=\"wp-block-gallery columns-4 is-cropped\"><ul class=\"blocks-gallery-grid\"><li class=\"blocks-gallery-item\"><figure><img loading=\"lazy\" width=\"600\" height=\"450\" src=\"http:\/\/www.metalchemsa.com.pl\/wp-content\/uploads\/2020\/04\/SAM_0199_600x450.jpg\" alt=\"Mixer MM-304-P\" data-id=\"1164\" data-full-url=\"http:\/\/www.metalchemsa.com.pl\/wp-content\/uploads\/2020\/04\/SAM_0199_600x450.jpg\" data-link=\"http:\/\/www.metalchemsa.com.pl\/mieszadla-do-sciekow\/samsung-digital-camera-9\/\" class=\"wp-image-1164\"\/><figcaption class=\"blocks-gallery-item__caption\">Mixer with protective ring<\/figcaption><\/figure><\/li><li class=\"blocks-gallery-item\"><figure><img loading=\"lazy\" width=\"600\" height=\"450\" src=\"http:\/\/www.metalchemsa.com.pl\/wp-content\/uploads\/2020\/04\/SAM_0205_600x450.jpg\" alt=\"Mixer MM-304-P\" data-id=\"1161\" data-full-url=\"http:\/\/www.metalchemsa.com.pl\/wp-content\/uploads\/2020\/04\/SAM_0205_600x450.jpg\" data-link=\"http:\/\/www.metalchemsa.com.pl\/mieszadla-do-sciekow\/samsung-digital-camera-5\/\" class=\"wp-image-1161\"\/><figcaption class=\"blocks-gallery-item__caption\">Mixer with protective ring<\/figcaption><\/figure><\/li><li class=\"blocks-gallery-item\"><figure><img loading=\"lazy\" width=\"600\" height=\"450\" src=\"http:\/\/www.metalchemsa.com.pl\/wp-content\/uploads\/2020\/04\/SAM_2733_600x450.jpg\" alt=\"Mixer MM-404\" data-id=\"1163\" data-full-url=\"http:\/\/www.metalchemsa.com.pl\/wp-content\/uploads\/2020\/04\/SAM_2733_600x450.jpg\" data-link=\"http:\/\/www.metalchemsa.com.pl\/mieszadla-do-sciekow\/samsung-digital-camera-8\/\" class=\"wp-image-1163\"\/><figcaption class=\"blocks-gallery-item__caption\">Propeller mixer<\/figcaption><\/figure><\/li><li class=\"blocks-gallery-item\"><figure><img loading=\"lazy\" width=\"600\" height=\"450\" src=\"http:\/\/www.metalchemsa.com.pl\/wp-content\/uploads\/2020\/04\/SAM_0235_600x450.jpg\" alt=\"Mixer MM-156\" data-id=\"1162\" data-full-url=\"http:\/\/www.metalchemsa.com.pl\/wp-content\/uploads\/2020\/04\/SAM_0235_600x450.jpg\" data-link=\"http:\/\/www.metalchemsa.com.pl\/mieszadla-do-sciekow\/samsung-digital-camera-7\/\" class=\"wp-image-1162\"\/><figcaption class=\"blocks-gallery-item__caption\">Propeller mixer<\/figcaption><\/figure><\/li><\/ul><\/figure>\n\n\n\n<p>Metalchem-Warszawa S.A. using his extensive experience in the production of submersible pumps and constructions for the wastewater industry, resulting from many years of cooperation with various water suppliers, municipal units and waste utilization plants, he developed his own wastewater mixer constructions. We offer propeller mixers mounted on masts and support structures as well as ejector mixers, which are usually placed at the bottom of tanks as independent devices. All our mixers have already been tested many times and have a number of advantages that will be described at each solution. We hope that we will convince you to try and apply them on your premises, and then share your opinion about them with us.<br><br><\/p>\n\n\n\n<h3>The purpose of our mixers<\/h3>\n\n\n\n<p>Submersible mixers cause stream mixing of the medium in the tank and are mainly used in sewage treatment plants. They are intended to set the fluid in motion, homogenize its composition, prevent sedimentation, cause a specific flow direction and liquid circulation in tanks, ditches and channels. They are also often used in sewage aeration chambers as a support for intensifying oxygen absorption.<br><br><\/p>\n\n\n\n<h2>Propeller mixers MM<\/h2>\n\n\n\n<h3><strong><span class=\"tlid-translation translation\" lang=\"en\"><span class=\"\" title=\"\">General characteristics of propeller stirrers for wastewater<\/span><\/span><\/strong><\/h3>\n\n\n\n<ul><li>Metalchem-Warszawa 3-blade propellers for sewage mixers are characterized by high hydraulic efficiency and have self-cleaning ability.<\/li><li>Wszystkie mieszad\u0142a mog\u0105 by\u0107 wyposa\u017cone dodatkowo w pier\u015bcie\u0144 ochronny wzmacniaj\u0105cy hydrauliczny efekt mieszania.<\/li><li>The motor for direct drive with the number of poles from 4 to 8, for continuous operation S1 and class F windings, has a temperature limiter in three phases of the stator windings and a humidity switch. This excludes the possibility of damage to the engine in the event of overloading or moisture ingress.<\/li><li>The electric motor is sealed with a double mechanical seal in the oil chamber.<\/li><li>Submersible sewage mixers are designed for work in liquids with a maximum temperature of 40 \u00b0 C, with immersion to a depth of 10m.<\/li><li><span class=\"tlid-translation translation\" lang=\"en\"><span class=\"\" title=\"\">The stirrer is standard equipped with a 10 m long neoprene sheath cable.<\/span><\/span><br><br><\/li><\/ul>\n\n\n\n<h3 class=\"has-text-align-center\"><strong><span class=\"tlid-translation translation\" lang=\"en\"><span class=\"\" title=\"\">Code for the type of propeller stirrer<\/span><\/span><\/strong><\/h3>\n\n\n\n<figure class=\"wp-block-table aligncenter\"><table><tbody><tr><td class=\"has-text-align-center\" data-align=\"center\">MM<\/td><td class=\"has-text-align-center\" data-align=\"center\">&#8211;<\/td><td class=\"has-text-align-center\" data-align=\"center\">15<\/td><td class=\"has-text-align-center\" data-align=\"center\">6<\/td><td class=\"has-text-align-center\" data-align=\"center\">P<\/td><\/tr><tr><td class=\"has-text-align-center\" data-align=\"center\">1<\/td><td class=\"has-text-align-center\" data-align=\"center\">&nbsp;<\/td><td class=\"has-text-align-center\" data-align=\"center\">2<\/td><td class=\"has-text-align-center\" data-align=\"center\">3<\/td><td class=\"has-text-align-center\" data-align=\"center\">4<\/td><\/tr><\/tbody><\/table><\/figure>\n\n\n\n<ol><li>Propeller mixer for sewage produced by Metalchem-Warszawa S.A.,<\/li><li>Motor power in kW (including one decimal place),<\/li><li>Number of poles (indicates the rotational speed of the stirrer),<\/li><li><span class=\"tlid-translation translation\" lang=\"en\"><span class=\"\" title=\"\">Ring (no &#8220;P&#8221; means no ring).<\/span><\/span><br><br><\/li><\/ol>\n\n\n\n<h4 class=\"has-text-align-center\"><strong><span class=\"tlid-translation translation\" lang=\"en\"><span class=\"\" title=\"\">Example of a designation<\/span><\/span>: MM-226P<\/strong><\/h4>\n\n\n\n<p style=\"font-size:18px\">93\/5000 Propeller mixer for sewage with 2.2 kW power with a 6-pole motor and a protective ring.<\/p>\n\n\n\n<p>A typical stirrer casing consists of installing a vertical mast and a slider attached to the agitator that moves on the mast. It is then possible to adjust the working height of the sewage stirrer and by means of a mast to set the direction of the propeller stirrer in the sewage. Below are typical installation versions. We also offer many unusual solutions, as well as often clients use propeller mixers of our production as replacements for expensive mixers from foreign manufacturers.<br><br><\/p>\n\n\n\n<h3 class=\"has-text-align-center\"><strong><span class=\"tlid-translation translation\" lang=\"en\"><span class=\"\" title=\"\">Series of wastewater mixers from Metalchem-Warszawa S.A.<\/span><\/span><\/strong><\/h3>\n\n\n\n<figure class=\"wp-block-table aligncenter\"><table><tbody><tr><td class=\"has-text-align-center\" data-align=\"center\">No.<\/td><td class=\"has-text-align-center\" data-align=\"center\">Mixer<\/td><td class=\"has-text-align-center\" data-align=\"center\">Power\n[kW]<\/td><td class=\"has-text-align-center\" data-align=\"center\">n\n[rpm]<\/td><td class=\"has-text-align-center\" data-align=\"center\">I<br>[A]<\/td><td class=\"has-text-align-center\" data-align=\"center\">F<br>[N]<\/td><\/tr><tr><td class=\"has-text-align-center\" data-align=\"center\">1<\/td><td class=\"has-text-align-center\" data-align=\"center\">MM-116<\/td><td class=\"has-text-align-center\" data-align=\"center\">1,1<\/td><td class=\"has-text-align-center\" data-align=\"center\">945<\/td><td class=\"has-text-align-center\" data-align=\"center\">2,9<\/td><td class=\"has-text-align-center\" data-align=\"center\">190<\/td><\/tr><tr><td class=\"has-text-align-center\" data-align=\"center\">2<\/td><td class=\"has-text-align-center\" data-align=\"center\">MM-116P<\/td><td class=\"has-text-align-center\" data-align=\"center\">1,1<\/td><td class=\"has-text-align-center\" data-align=\"center\">945<\/td><td class=\"has-text-align-center\" data-align=\"center\">2,9<\/td><td class=\"has-text-align-center\" data-align=\"center\">230<\/td><\/tr><tr><td class=\"has-text-align-center\" data-align=\"center\">3<\/td><td class=\"has-text-align-center\" data-align=\"center\">MM-118<\/td><td class=\"has-text-align-center\" data-align=\"center\">1,1<\/td><td class=\"has-text-align-center\" data-align=\"center\">705<\/td><td class=\"has-text-align-center\" data-align=\"center\">3,4<\/td><td class=\"has-text-align-center\" data-align=\"center\">190<\/td><\/tr><tr><td class=\"has-text-align-center\" data-align=\"center\">4<\/td><td class=\"has-text-align-center\" data-align=\"center\">MM-118P<\/td><td class=\"has-text-align-center\" data-align=\"center\">1,1<\/td><td class=\"has-text-align-center\" data-align=\"center\">705<\/td><td class=\"has-text-align-center\" data-align=\"center\">3,4<\/td><td class=\"has-text-align-center\" data-align=\"center\">250<\/td><\/tr><tr><td class=\"has-text-align-center\" data-align=\"center\">5<\/td><td class=\"has-text-align-center\" data-align=\"center\">MM-156<\/td><td class=\"has-text-align-center\" data-align=\"center\">1,5<\/td><td class=\"has-text-align-center\" data-align=\"center\">945<\/td><td class=\"has-text-align-center\" data-align=\"center\">3,9<\/td><td class=\"has-text-align-center\" data-align=\"center\">330<\/td><\/tr><tr><td class=\"has-text-align-center\" data-align=\"center\">6<\/td><td class=\"has-text-align-center\" data-align=\"center\">MM-156P<\/td><td class=\"has-text-align-center\" data-align=\"center\">1,5<\/td><td class=\"has-text-align-center\" data-align=\"center\">945<\/td><td class=\"has-text-align-center\" data-align=\"center\">3,9<\/td><td class=\"has-text-align-center\" data-align=\"center\">400<\/td><\/tr><tr><td class=\"has-text-align-center\" data-align=\"center\">7<\/td><td class=\"has-text-align-center\" data-align=\"center\">MM-226<\/td><td class=\"has-text-align-center\" data-align=\"center\">2,2<\/td><td class=\"has-text-align-center\" data-align=\"center\">930<\/td><td class=\"has-text-align-center\" data-align=\"center\">5,9<\/td><td class=\"has-text-align-center\" data-align=\"center\">390<\/td><\/tr><tr><td class=\"has-text-align-center\" data-align=\"center\">8<\/td><td class=\"has-text-align-center\" data-align=\"center\">MM-226P<\/td><td class=\"has-text-align-center\" data-align=\"center\">2,2<\/td><td class=\"has-text-align-center\" data-align=\"center\">930<\/td><td class=\"has-text-align-center\" data-align=\"center\">5,9<\/td><td class=\"has-text-align-center\" data-align=\"center\">470<\/td><\/tr><tr><td class=\"has-text-align-center\" data-align=\"center\">9<\/td><td class=\"has-text-align-center\" data-align=\"center\">MM-304<\/td><td class=\"has-text-align-center\" data-align=\"center\">3,0<\/td><td class=\"has-text-align-center\" data-align=\"center\">1415<\/td><td class=\"has-text-align-center\" data-align=\"center\">6,6<\/td><td class=\"has-text-align-center\" data-align=\"center\">450<\/td><\/tr><tr><td class=\"has-text-align-center\" data-align=\"center\">10<\/td><td class=\"has-text-align-center\" data-align=\"center\">MM-304P<\/td><td class=\"has-text-align-center\" data-align=\"center\">3,0<\/td><td class=\"has-text-align-center\" data-align=\"center\">1415<\/td><td class=\"has-text-align-center\" data-align=\"center\">6,6<\/td><td class=\"has-text-align-center\" data-align=\"center\">510<\/td><\/tr><tr><td class=\"has-text-align-center\" data-align=\"center\">11<\/td><td class=\"has-text-align-center\" data-align=\"center\">MM-404<\/td><td class=\"has-text-align-center\" data-align=\"center\">4,0<\/td><td class=\"has-text-align-center\" data-align=\"center\">1415<\/td><td class=\"has-text-align-center\" data-align=\"center\">9,2<\/td><td class=\"has-text-align-center\" data-align=\"center\">630<\/td><\/tr><tr><td class=\"has-text-align-center\" data-align=\"center\">12<\/td><td class=\"has-text-align-center\" data-align=\"center\">MM-404P<\/td><td class=\"has-text-align-center\" data-align=\"center\">4,0<\/td><td class=\"has-text-align-center\" data-align=\"center\">1415<\/td><td class=\"has-text-align-center\" data-align=\"center\">9,2<\/td><td class=\"has-text-align-center\" data-align=\"center\">770<\/td><\/tr><\/tbody><\/table><figcaption><br><br><\/figcaption><\/figure>\n\n\n\n<h3><strong><span class=\"tlid-translation translation\" lang=\"en\"><span class=\"\" title=\"\">Installation kits:<\/span><\/span><\/strong><\/h3>\n\n\n\n<p style=\"font-size:18px\">In order to adapt to different customer needs, we offer different installation versions of tank mixers:<\/p>\n\n\n\n<div class=\"wp-block-image\"><figure class=\"alignleft size-large is-resized\"><img src=\"http:\/\/www.metalchemsa.com.pl\/wp-content\/uploads\/2020\/04\/MZN-i-MZND.jpg\" alt=\"\" class=\"wp-image-1179\" width=\"400\"\/><\/figure><\/div>\n\n\n\n<ul><li><strong>MZN<\/strong> &#8211; adjustable stirrer, used in open tanks, pivotally mounted to a vertical wall allows setting the flow direction:<br>&#8211; <span class=\"tlid-translation translation\" lang=\"en\"><span class=\"\" title=\"\">in the horizontal plane<\/span><\/span>: +\/- 70\u00b0<br>&#8211; in the vertical plane: +\/- 30\u00b0<br><br><\/li><li><strong>MZND<\/strong> &#8211; adjustable stirrer supported on the bottom, used in covered or open tanks with platforms, pivotally mounted to the vertical wall of the mounting hatch or platform and to the bottom of the tank, allows setting the direction of the stream: <br>&#8211; in the jorizontal plane: +\/- 70\u00b0 <br>&#8211; in the vertical plane: +\/- 30<br><br><br><br><br><br><br><br><br><br><br><br><\/li><\/ul>\n\n\n\n<div class=\"wp-block-image\"><figure class=\"alignleft size-large is-resized\"><img src=\"http:\/\/www.metalchemsa.com.pl\/wp-content\/uploads\/2020\/04\/MPN.jpg\" alt=\"\" class=\"wp-image-1185\" width=\"400\"\/><\/figure><\/div>\n\n\n\n<ul><li><strong>MPN-H &#8211; <\/strong>adjustable fixed stirrer, used in open tanks, rigidly attached to the horizontal wall of the tank crown, allows setting the flow direction: <br>&#8211; in the horizontal plane: +\/- 70\u00b0 <br>&#8211; in the vertical plane: +\/- 30<br><br><\/li><li><strong>MPN-V<\/strong> &#8211; adjustable stirrer, used in open or open tanks with platforms, rigidly attached to the vertical wall of the mounting hatch or platform, allows setting the flow direction: <br>&#8211; in the horizontal plane: +\/- 70\u00b0 <br>&#8211; in the vertical plane: +\/- 30<br><br><br><br><br><br><br><br><\/li><\/ul>\n\n\n\n<h3>Mixer dimensions<\/h3>\n\n\n\n<figure class=\"wp-block-image size-large is-resized\"><img src=\"http:\/\/www.metalchemsa.com.pl\/wp-content\/uploads\/2020\/04\/MM_wymiary.jpg\" alt=\"Mixer dimensions MM\" class=\"wp-image-1194\" width=\"300\"\/><figcaption>Propeller mixer MM<br><br><\/figcaption><\/figure>\n\n\n\n<h2>Ejector mixers for sewage MME<\/h2>\n\n\n\n<p>Due to the constantly growing demand for stirrer with a highly concentrated stream and high efficiency of mixing, we offer you a range of ejector mixers based on submersible pumps we manufacture. Their simple design allows quick installation in the tank and directing the nozzles in several different, well-defined directions. The lack of moving and complicated elements apart from the submersible pump means that in the event of a failure we have an easily accessible service and we can eliminate long downtimes.<\/p>\n\n\n\n<p>Ejector mixers can be used for all types of medium, such as sewage, stormwater \/ rainwater, river or lake water, slurry, leachate, rinse, etc. solids in a mixed medium.<\/p>\n\n\n\n<p>In the case of a more aggressive medium or the content of abrasive particles, e.g. sand, please contact us and determine the appropriate protection of the stirrers, e.g. by appropriate covering of the pump components.<\/p>\n\n\n\n<p>At the moment, all erection mixers we offer are selected individually to meet the needs of users, so if you need, please contact our Technical Department and choose the right construction for your tanks.<br><\/p>\n\n\n\n<figure class=\"wp-block-image size-large\"><img loading=\"lazy\" width=\"1200\" height=\"458\" src=\"http:\/\/www.metalchemsa.com.pl\/wp-content\/uploads\/2020\/04\/IMG_20180723_112606.jpg\" alt=\"Ejector Mixers\" class=\"wp-image-1198\"\/><figcaption>Ejector mixerss on the way to the customer<\/figcaption><\/figure>\n","protected":false},"excerpt":{"rendered":"<p>Propeller and ejector mixers Metalchem-Warszawa S.A. using his extensive experience in the production of submersible pumps and constructions for the wastewater industry, resulting from many years of cooperation with various water suppliers, municipal units and waste utilization plants, he developed his own wastewater mixer constructions. We offer propeller mixers mounted on masts and support structures<br \/><a class=\"btn_a\" href=\"https:\/\/www.metalchemsa.com.pl\/en\/sewage-mixers\/\"><span><i class=\"in_left fa fa-angle-right\"><\/i><span>Details<\/span><i class=\"in_right fa fa-angle-right\"><\/i><\/span><\/a><\/p>\n","protected":false},"author":1,"featured_media":0,"parent":0,"menu_order":0,"comment_status":"closed","ping_status":"closed","template":"","meta":[],"_links":{"self":[{"href":"https:\/\/www.metalchemsa.com.pl\/en\/wp-json\/wp\/v2\/pages\/1831"}],"collection":[{"href":"https:\/\/www.metalchemsa.com.pl\/en\/wp-json\/wp\/v2\/pages"}],"about":[{"href":"https:\/\/www.metalchemsa.com.pl\/en\/wp-json\/wp\/v2\/types\/page"}],"author":[{"embeddable":true,"href":"https:\/\/www.metalchemsa.com.pl\/en\/wp-json\/wp\/v2\/users\/1"}],"replies":[{"embeddable":true,"href":"https:\/\/www.metalchemsa.com.pl\/en\/wp-json\/wp\/v2\/comments?post=1831"}],"version-history":[{"count":10,"href":"https:\/\/www.metalchemsa.com.pl\/en\/wp-json\/wp\/v2\/pages\/1831\/revisions"}],"predecessor-version":[{"id":2402,"href":"https:\/\/www.metalchemsa.com.pl\/en\/wp-json\/wp\/v2\/pages\/1831\/revisions\/2402"}],"wp:attachment":[{"href":"https:\/\/www.metalchemsa.com.pl\/en\/wp-json\/wp\/v2\/media?parent=1831"}],"curies":[{"name":"wp","href":"https:\/\/api.w.org\/{rel}","templated":true}]}}