{"id":1792,"date":"2020-04-15T10:45:55","date_gmt":"2020-04-15T08:45:55","guid":{"rendered":"http:\/\/www.metalchemsa.com.pl\/?page_id=1792"},"modified":"2021-03-30T10:22:16","modified_gmt":"2021-03-30T08:22:16","slug":"manuals","status":"publish","type":"page","link":"https:\/\/www.metalchemsa.com.pl\/en\/manuals\/","title":{"rendered":"Manuals"},"content":{"rendered":"\r\n<ul>\r\n<li><a href=\"http:\/\/instrukcje.metalchemsa.pl\/Instrukcja obs\u0142ugi pompy zatapialnej .pdf\" target=\"_blank\" rel=\"noreferrer noopener\">Instrukcja obs\u0142ugi pompy zatapialnej.pdf<\/a><\/li>\r\n<li><a href=\"http:\/\/instrukcje.metalchemsa.pl\/Instrukcja obslugi przepompownia przydomowa.pdf\" target=\"_blank\" rel=\"noreferrer noopener\">Instrukcja obs\u0142ugi przepompownia przydomowa.pdf<\/a><\/li>\r\n<li><a href=\"http:\/\/instrukcje.metalchemsa.pl\/Instrukcja obslugi przepompownia sieciowa.pdf\" target=\"_blank\" rel=\"noreferrer noopener\">Instrukcja obs\u0142ugi przepompownia sieciowa.pdf<\/a><\/li>\r\n<li><a href=\"http:\/\/instrukcje.metalchemsa.pl\/Instrukcja CTR.pdf\" target=\"_blank\" rel=\"noreferrer noopener\">Instrukcja obs\u0142ugi pomp CTR.pdf<\/a><\/li>\r\n<li><a href=\"http:\/\/instrukcje.metalchemsa.pl\/Instrukcja obs\u0142ugi strumienic.pdf\" target=\"_blank\" rel=\"noreferrer noopener\">Instrukcja obs\u0142ugi strumienic.pdf<\/a><\/li>\r\n<\/ul>\r\n","protected":false},"excerpt":{"rendered":"<p>Instrukcja obs\u0142ugi pompy zatapialnej.pdf Instrukcja obs\u0142ugi przepompownia przydomowa.pdf Instrukcja obs\u0142ugi przepompownia sieciowa.pdf Instrukcja obs\u0142ugi pomp CTR.pdf Instrukcja obs\u0142ugi strumienic.pdf<\/p>\n","protected":false},"author":1,"featured_media":0,"parent":0,"menu_order":0,"comment_status":"closed","ping_status":"closed","template":"","meta":[],"_links":{"self":[{"href":"https:\/\/www.metalchemsa.com.pl\/en\/wp-json\/wp\/v2\/pages\/1792"}],"collection":[{"href":"https:\/\/www.metalchemsa.com.pl\/en\/wp-json\/wp\/v2\/pages"}],"about":[{"href":"https:\/\/www.metalchemsa.com.pl\/en\/wp-json\/wp\/v2\/types\/page"}],"author":[{"embeddable":true,"href":"https:\/\/www.metalchemsa.com.pl\/en\/wp-json\/wp\/v2\/users\/1"}],"replies":[{"embeddable":true,"href":"https:\/\/www.metalchemsa.com.pl\/en\/wp-json\/wp\/v2\/comments?post=1792"}],"version-history":[{"count":7,"href":"https:\/\/www.metalchemsa.com.pl\/en\/wp-json\/wp\/v2\/pages\/1792\/revisions"}],"predecessor-version":[{"id":2596,"href":"https:\/\/www.metalchemsa.com.pl\/en\/wp-json\/wp\/v2\/pages\/1792\/revisions\/2596"}],"wp:attachment":[{"href":"https:\/\/www.metalchemsa.com.pl\/en\/wp-json\/wp\/v2\/media?parent=1792"}],"curies":[{"name":"wp","href":"https:\/\/api.w.org\/{rel}","templated":true}]}}